{"id":1159,"date":"2018-01-18T15:49:02","date_gmt":"2018-01-18T20:49:02","guid":{"rendered":"https:\/\/wwwtest.logistec.com\/?page_id=1159"},"modified":"2018-04-12T09:52:42","modified_gmt":"2018-04-12T13:52:42","slug":"direction","status":"publish","type":"page","link":"https:\/\/www.logistec.com\/fr\/a-propos\/direction\/","title":{"rendered":"Direction"},"content":{"rendered":"<p>[et_pb_section bb_built=\u00a0\u00bb1&Prime; fullwidth=\u00a0\u00bboff\u00a0\u00bb specialty=\u00a0\u00bboff\u00a0\u00bb _builder_version=\u00a0\u00bb3.0.92&Prime; background_image=\u00a0\u00bbhttps:\/\/wwwtest.logistec.com\/wp-content\/uploads\/2018\/03\/management-banner.png\u00a0\u00bb module_class=\u00a0\u00bbds-vertical-align\u00a0\u00bb custom_padding=\u00a0\u00bb245px||245px|\u00a0\u00bb custom_padding_tablet=\u00a0\u00bb145px||145px|\u00a0\u00bb custom_padding_phone=\u00a0\u00bb90px||90px|\u00a0\u00bb custom_padding_last_edited=\u00a0\u00bbon|phone\u00a0\u00bb][et_pb_row _builder_version=\u00a0\u00bb3.0.92&Prime; gutter_width=\u00a0\u00bb1&Prime; background_position=\u00a0\u00bbtop_left\u00a0\u00bb background_repeat=\u00a0\u00bbrepeat\u00a0\u00bb background_size=\u00a0\u00bbinitial\u00a0\u00bb][et_pb_column type=\u00a0\u00bb4_4&Prime;][et_pb_text admin_label=\u00a0\u00bbBanner\u00a0\u00bb _builder_version=\u00a0\u00bb3.0.92&Prime; background_layout=\u00a0\u00bblight\u00a0\u00bb]<\/p>\n<h1 style=\"text-align: right;\">La Direction<\/h1>\n<p>[\/et_pb_text][\/et_pb_column][\/et_pb_row][\/et_pb_section][et_pb_section bb_built=\u00a0\u00bb1&Prime; _builder_version=\u00a0\u00bb3.0.92&Prime;][et_pb_row][et_pb_column type=\u00a0\u00bb4_4&Prime;][et_pb_text admin_label=\u00a0\u00bbDirection Texte\u00a0\u00bb _builder_version=\u00a0\u00bb3.0.92&Prime; background_layout=\u00a0\u00bblight\u00a0\u00bb text_font_size=\u00a0\u00bb20px\u00a0\u00bb text_font_size_phone=\u00a0\u00bb16px\u00a0\u00bb text_font_size_last_edited=\u00a0\u00bbon|phone\u00a0\u00bb max_width=\u00a0\u00bb75%\u00a0\u00bb max_width_phone=\u00a0\u00bb100%\u00a0\u00bb max_width_last_edited=\u00a0\u00bbon|phone\u00a0\u00bb module_alignment=\u00a0\u00bbcenter\u00a0\u00bb]<\/p>\n<h2 style=\"text-align: center;\">La direction<\/h2>\n<p style=\"font-family: merlomedium; text-align: center;\">Guid\u00e9s par notre vision claire et nos valeurs fortes, le conseil d\u2019administration et l\u2019\u00e9quipe de direction de LOGISTEC adoptent une approche proactive et s\u2019engagent \u00e0 respecter les normes d\u00e9ontologiques les plus \u00e9lev\u00e9es.<\/p>\n<p>[\/et_pb_text][et_pb_divider _builder_version=\u00a0\u00bb3.0.92&Prime; height=\u00a0\u00bb50px\u00a0\u00bb \/][et_pb_code _builder_version=\u00a0\u00bb3.0.92&Prime;]\t<div class=\"team-members\">\n\t\t\t<div class=\"team-member-tile js-overlay js-overlay-orange\">\n\t\t\t<img decoding=\"async\" src=\"https:\/\/www.logistec.com\/wp-content\/uploads\/2024\/01\/sean-pierce-2.jpg\" class=\"team-member-img\">\n\t\t\t<div class=\"team-member-content ds-vertical-align\">\n\t\t\t\t<a href=\"https:\/\/www.logistec.com\/fr\/team-member\/sean-pierce\/\"><\/a>\n\t\t\t\t<h3 class=\"hide-when-no-hover\">Sean Pierce<\/h3>\n\t\t\t\t\t\t\t\t\t<p class=\"team-member-title hide-when-no-hover\">Chef de la direction<\/p>\n\t\t\t\t\t\t\t<\/div>\n\t\t<\/div> <!-- \/team-member-tile -->\n\t\t\t\t\t<div class=\"team-member-tile js-overlay js-overlay-orange\">\n\t\t\t<img decoding=\"async\" src=\"https:\/\/www.logistec.com\/wp-content\/uploads\/2025\/08\/texas-e-howard-website.jpg\" class=\"team-member-img\">\n\t\t\t<div class=\"team-member-content ds-vertical-align\">\n\t\t\t\t<a href=\"https:\/\/www.logistec.com\/fr\/team-member\/texas-e-howard-iv-cpa\/\"><\/a>\n\t\t\t\t<h3 class=\"hide-when-no-hover\">Texas E. Howard IV, CPA<\/h3>\n\t\t\t\t\t\t\t\t\t<p class=\"team-member-title hide-when-no-hover\">Chef de la direction financi\u00e8re<\/p>\n\t\t\t\t\t\t\t<\/div>\n\t\t<\/div> <!-- \/team-member-tile -->\n\t\t\t\t\t<div class=\"team-member-tile js-overlay js-overlay-orange\">\n\t\t\t<img decoding=\"async\" src=\"https:\/\/www.logistec.com\/wp-content\/uploads\/2024\/01\/russell-stevens.gif\" class=\"team-member-img\">\n\t\t\t<div class=\"team-member-content ds-vertical-align\">\n\t\t\t\t<a href=\"https:\/\/www.logistec.com\/fr\/team-member\/russell-stevens\/\"><\/a>\n\t\t\t\t<h3 class=\"hide-when-no-hover\">Russell Stevens<\/h3>\n\t\t\t\t\t\t\t\t\t<p class=\"team-member-title hide-when-no-hover\">Vice-pr\u00e9sident ex\u00e9cutif, d\u00e9veloppement des affaires et M&A<\/p>\n\t\t\t\t\t\t\t<\/div>\n\t\t<\/div> <!-- \/team-member-tile -->\n\t\t<\/div><div class=\"team-members\">\t\t\t<div class=\"team-member-tile js-overlay js-overlay-orange\">\n\t\t\t<img decoding=\"async\" src=\"https:\/\/www.logistec.com\/wp-content\/uploads\/2024\/08\/logistec-fev-202523910-patrick-final01.jpg\" class=\"team-member-img\">\n\t\t\t<div class=\"team-member-content ds-vertical-align\">\n\t\t\t\t<a href=\"https:\/\/www.logistec.com\/fr\/team-member\/chef-de-la-strategie\/\"><\/a>\n\t\t\t\t<h3 class=\"hide-when-no-hover\">Patrick Burgoyne<\/h3>\n\t\t\t\t\t\t\t\t\t<p class=\"team-member-title hide-when-no-hover\">Chef de l\u2019exploitation sud et chef de la strat\u00e9gie<\/p>\n\t\t\t\t\t\t\t<\/div>\n\t\t<\/div> <!-- \/team-member-tile -->\n\t\t\t\t\t<div class=\"team-member-tile js-overlay js-overlay-orange\">\n\t\t\t<img decoding=\"async\" src=\"https:\/\/www.logistec.com\/wp-content\/uploads\/2019\/10\/frank-r-w.jpg\" class=\"team-member-img\">\n\t\t\t<div class=\"team-member-content ds-vertical-align\">\n\t\t\t\t<a href=\"https:\/\/www.logistec.com\/fr\/team-member\/frank-robertson\/\"><\/a>\n\t\t\t\t<h3 class=\"hide-when-no-hover\">Frank Robertson<\/h3>\n\t\t\t\t\t\t\t\t\t<p class=\"team-member-title hide-when-no-hover\">Vice-pr\u00e9sident principal, Op\u00e9rations \u2013 Nord<\/p>\n\t\t\t\t\t\t\t<\/div>\n\t\t<\/div> <!-- \/team-member-tile -->\n\t\t\t\t\t<div class=\"team-member-tile js-overlay js-overlay-orange\">\n\t\t\t<img decoding=\"async\" src=\"https:\/\/www.logistec.com\/wp-content\/uploads\/2024\/08\/cleidy.jpg\" class=\"team-member-img\">\n\t\t\t<div class=\"team-member-content ds-vertical-align\">\n\t\t\t\t<a href=\"https:\/\/www.logistec.com\/fr\/team-member\/cleidy-liborio-fernandes\/\"><\/a>\n\t\t\t\t<h3 class=\"hide-when-no-hover\">Cleidy Liborio Fernandes<\/h3>\n\t\t\t\t\t\t\t\t\t<p class=\"team-member-title hide-when-no-hover\">Chef des affaires commerciales <\/p>\n\t\t\t\t\t\t\t<\/div>\n\t\t<\/div> <!-- \/team-member-tile -->\n\t\t<\/div><div class=\"team-members\">\t\t\t<div class=\"team-member-tile js-overlay js-overlay-orange\">\n\t\t\t<img decoding=\"async\" src=\"https:\/\/www.logistec.com\/wp-content\/uploads\/2024\/01\/john-rosen-1.jpg\" class=\"team-member-img\">\n\t\t\t<div class=\"team-member-content ds-vertical-align\">\n\t\t\t\t<a href=\"https:\/\/www.logistec.com\/fr\/team-member\/john-rosen\/\"><\/a>\n\t\t\t\t<h3 class=\"hide-when-no-hover\">John Rosen<\/h3>\n\t\t\t\t\t\t\t\t\t<p class=\"team-member-title hide-when-no-hover\">Chef des services informatiques<\/p>\n\t\t\t\t\t\t\t<\/div>\n\t\t<\/div> <!-- \/team-member-tile -->\n\t\t\t\t\t<div class=\"team-member-tile js-overlay js-overlay-orange\">\n\t\t\t<img decoding=\"async\" src=\"https:\/\/www.logistec.com\/wp-content\/uploads\/2024\/07\/picture1.jpg\" class=\"team-member-img\">\n\t\t\t<div class=\"team-member-content ds-vertical-align\">\n\t\t\t\t<a href=\"https:\/\/www.logistec.com\/fr\/team-member\/katia-reyburn\/\"><\/a>\n\t\t\t\t<h3 class=\"hide-when-no-hover\">Katia Reyburn<\/h3>\n\t\t\t\t\t\t\t\t\t<p class=\"team-member-title hide-when-no-hover\">Vice-pr\u00e9sidente principale \u2013 Communications et affaires publiques<\/p>\n\t\t\t\t\t\t\t<\/div>\n\t\t<\/div> <!-- \/team-member-tile -->\n\t\t\t\t\t<div class=\"team-member-tile js-overlay js-overlay-orange\">\n\t\t\t<img decoding=\"async\" src=\"https:\/\/www.logistec.com\/wp-content\/uploads\/2022\/12\/logistec-michel-brisebois.png\" class=\"team-member-img\">\n\t\t\t<div class=\"team-member-content ds-vertical-align\">\n\t\t\t\t<a href=\"https:\/\/www.logistec.com\/fr\/team-member\/michel-brisebois\/\"><\/a>\n\t\t\t\t<h3 class=\"hide-when-no-hover\">Michel Brisebois, CHRP<\/h3>\n\t\t\t\t\t\t\t\t\t<p class=\"team-member-title hide-when-no-hover\">Chef de la direction des ressources humaines (CHRO)<\/p>\n\t\t\t\t\t\t\t<\/div>\n\t\t<\/div> <!-- \/team-member-tile -->\n\t\t<\/div><div class=\"team-members\">\t\t<\/div> <!-- \/team-members-->\n\t[\/et_pb_code][\/et_pb_column][\/et_pb_row][\/et_pb_section]<\/p>\n","protected":false},"excerpt":{"rendered":"<p>[et_pb_section bb_built=\u00a0\u00bb1&Prime; fullwidth=\u00a0\u00bboff\u00a0\u00bb specialty=\u00a0\u00bboff\u00a0\u00bb _builder_version=\u00a0\u00bb3.0.92&Prime; background_image=\u00a0\u00bbhttps:\/\/wwwtest.logistec.com\/wp-content\/uploads\/2018\/03\/management-banner.png\u00a0\u00bb module_class=\u00a0\u00bbds-vertical-align\u00a0\u00bb custom_padding=\u00a0\u00bb245px||245px|\u00a0\u00bb custom_padding_tablet=\u00a0\u00bb145px||145px|\u00a0\u00bb custom_padding_phone=\u00a0\u00bb90px||90px|\u00a0\u00bb custom_padding_last_edited=\u00a0\u00bbon|phone\u00a0\u00bb][et_pb_row _builder_version=\u00a0\u00bb3.0.92&Prime; gutter_width=\u00a0\u00bb1&Prime; background_position=\u00a0\u00bbtop_left\u00a0\u00bb background_repeat=\u00a0\u00bbrepeat\u00a0\u00bb background_size=\u00a0\u00bbinitial\u00a0\u00bb][et_pb_column type=\u00a0\u00bb4_4&Prime;][et_pb_text admin_label=\u00a0\u00bbBanner\u00a0\u00bb _builder_version=\u00a0\u00bb3.0.92&Prime; background_layout=\u00a0\u00bblight\u00a0\u00bb] La Direction [\/et_pb_text][\/et_pb_column][\/et_pb_row][\/et_pb_section][et_pb_section bb_built=\u00a0\u00bb1&Prime; _builder_version=\u00a0\u00bb3.0.92&Prime;][et_pb_row][et_pb_column type=\u00a0\u00bb4_4&Prime;][et_pb_text admin_label=\u00a0\u00bbDirection Texte\u00a0\u00bb _builder_version=\u00a0\u00bb3.0.92&Prime; background_layout=\u00a0\u00bblight\u00a0\u00bb text_font_size=\u00a0\u00bb20px\u00a0\u00bb text_font_size_phone=\u00a0\u00bb16px\u00a0\u00bb text_font_size_last_edited=\u00a0\u00bbon|phone\u00a0\u00bb max_width=\u00a0\u00bb75%\u00a0\u00bb max_width_phone=\u00a0\u00bb100%\u00a0\u00bb max_width_last_edited=\u00a0\u00bbon|phone\u00a0\u00bb module_alignment=\u00a0\u00bbcenter\u00a0\u00bb] La direction Guid\u00e9s par notre vision claire et nos valeurs fortes, le conseil d\u2019administration et l\u2019\u00e9quipe de direction [&hellip;]<\/p>\n","protected":false},"author":1,"featured_media":0,"parent":1145,"menu_order":0,"comment_status":"closed","ping_status":"closed","template":"","meta":{"_et_pb_use_builder":"on","_et_pb_old_content":"","_et_gb_content_width":"","_exactmetrics_skip_tracking":false,"_exactmetrics_sitenote_active":false,"_exactmetrics_sitenote_note":"","_exactmetrics_sitenote_category":0,"footnotes":""},"class_list":["post-1159","page","type-page","status-publish","hentry"],"acf":[],"_links":{"self":[{"href":"https:\/\/www.logistec.com\/fr\/wp-json\/wp\/v2\/pages\/1159","targetHints":{"allow":["GET"]}}],"collection":[{"href":"https:\/\/www.logistec.com\/fr\/wp-json\/wp\/v2\/pages"}],"about":[{"href":"https:\/\/www.logistec.com\/fr\/wp-json\/wp\/v2\/types\/page"}],"author":[{"embeddable":true,"href":"https:\/\/www.logistec.com\/fr\/wp-json\/wp\/v2\/users\/1"}],"replies":[{"embeddable":true,"href":"https:\/\/www.logistec.com\/fr\/wp-json\/wp\/v2\/comments?post=1159"}],"version-history":[{"count":13,"href":"https:\/\/www.logistec.com\/fr\/wp-json\/wp\/v2\/pages\/1159\/revisions"}],"predecessor-version":[{"id":2785,"href":"https:\/\/www.logistec.com\/fr\/wp-json\/wp\/v2\/pages\/1159\/revisions\/2785"}],"up":[{"embeddable":true,"href":"https:\/\/www.logistec.com\/fr\/wp-json\/wp\/v2\/pages\/1145"}],"wp:attachment":[{"href":"https:\/\/www.logistec.com\/fr\/wp-json\/wp\/v2\/media?parent=1159"}],"curies":[{"name":"wp","href":"https:\/\/api.w.org\/{rel}","templated":true}]}}